{"id":12313,"date":"2024-03-01T10:38:59","date_gmt":"2024-03-01T10:38:59","guid":{"rendered":"https:\/\/yvesregenass.ch\/?page_id=12313"},"modified":"2026-04-12T08:22:07","modified_gmt":"2026-04-12T08:22:07","slug":"aktuelles","status":"publish","type":"page","link":"https:\/\/yvesregenass.ch\/de\/aktuelles\/","title":{"rendered":"Aktuelles"},"content":{"rendered":"<div class=\"gb-container gb-container-1cd89461 CV\">\n\n<h2 class=\"wp-block-heading\">18.-21.5.26 <\/h2>\n\n\n\n<p>Seminar DIGITALE DRAMATURGIE<\/p>\n\n\n\n<ul class=\"wp-block-list\">\n<li>an der Hochschule der K\u00fcnste Bern<\/li>\n<\/ul>\n\n\n\n<h2 class=\"wp-block-heading\">8.5.-3.6.26<\/h2>\n\n\n\n<p>Juryt\u00e4tigkeit f\u00fcr das F\u00f6rderprogramm DIGITALE K\u00dcNSTE<\/p>\n\n\n\n<ul class=\"wp-block-list\">\n<li>der Stadt Z\u00fcrich<\/li>\n<\/ul>\n\n<\/div>\n\n\n<p><\/p>\n","protected":false},"excerpt":{"rendered":"<p>18.-21.5.26 Seminar DIGITALE DRAMATURGIE 8.5.-3.6.26 Juryt\u00e4tigkeit f\u00fcr das F\u00f6rderprogramm DIGITALE K\u00dcNSTE<\/p>\n","protected":false},"author":2,"featured_media":0,"parent":0,"menu_order":0,"comment_status":"closed","ping_status":"closed","template":"","meta":{"_monsterinsights_skip_tracking":false,"_monsterinsights_sitenote_active":false,"_monsterinsights_sitenote_note":"","_monsterinsights_sitenote_category":0,"footnotes":""},"class_list":["post-12313","page","type-page","status-publish","hentry"],"_links":{"self":[{"href":"https:\/\/yvesregenass.ch\/de\/wp-json\/wp\/v2\/pages\/12313","targetHints":{"allow":["GET"]}}],"collection":[{"href":"https:\/\/yvesregenass.ch\/de\/wp-json\/wp\/v2\/pages"}],"about":[{"href":"https:\/\/yvesregenass.ch\/de\/wp-json\/wp\/v2\/types\/page"}],"author":[{"embeddable":true,"href":"https:\/\/yvesregenass.ch\/de\/wp-json\/wp\/v2\/users\/2"}],"replies":[{"embeddable":true,"href":"https:\/\/yvesregenass.ch\/de\/wp-json\/wp\/v2\/comments?post=12313"}],"version-history":[{"count":71,"href":"https:\/\/yvesregenass.ch\/de\/wp-json\/wp\/v2\/pages\/12313\/revisions"}],"predecessor-version":[{"id":12860,"href":"https:\/\/yvesregenass.ch\/de\/wp-json\/wp\/v2\/pages\/12313\/revisions\/12860"}],"wp:attachment":[{"href":"https:\/\/yvesregenass.ch\/de\/wp-json\/wp\/v2\/media?parent=12313"}],"curies":[{"name":"wp","href":"https:\/\/api.w.org\/{rel}","templated":true}]}}